{"id":1952,"date":"2019-06-21T13:46:48","date_gmt":"2019-06-21T13:46:48","guid":{"rendered":"http:\/\/mediwell-kosmetik.de\/?page_id=1952"},"modified":"2025-03-04T15:04:36","modified_gmt":"2025-03-04T15:04:36","slug":"antiage","status":"publish","type":"page","link":"https:\/\/mediwell-kosmetik.de\/?page_id=1952","title":{"rendered":"Anti Age"},"content":{"rendered":"<section class=\"wpb-content-wrapper\"><p>[vc_row equal_height=&#8221;yes&#8221;][vc_column icons_position=&#8221;left&#8221;][vc_empty_space height=&#8221;7.143em&#8221; alter_height=&#8221;none&#8221; hide_on_desktop=&#8221;&#8221; hide_on_notebook=&#8221;&#8221; hide_on_tablet=&#8221;&#8221; hide_on_mobile=&#8221;1&#8243;][vc_empty_space height=&#8221;5em&#8221; alter_height=&#8221;none&#8221; hide_on_desktop=&#8221;1&#8243; hide_on_notebook=&#8221;1&#8243; hide_on_tablet=&#8221;1&#8243; hide_on_mobile=&#8221;&#8221;][\/vc_column][vc_column width=&#8221;7\/12&#8243; hide_bg_image_on_tablet=&#8221;&#8221; hide_bg_image_on_mobile=&#8221;&#8221; icons_position=&#8221;left&#8221; css=&#8221;.vc_custom_1541512031365{background-color: #f2eeec !important;}&#8221;]<div id=\"sc_content_1305311240\"\n\t\tclass=\"sc_content sc_content_default sc_float_center sc_padding_large  vc_custom_1541512230582\"><div class=\"sc_content_container\"><div id=\"sc_title_1099710638\"\n\t\tclass=\"sc_title sc_title_default\"><h3 class=\"sc_item_title sc_title_title sc_align_left sc_item_title_style_default sc_item_title_tag\">Sch\u00f6nheit bewahren<\/h3><div class=\"sc_item_descr sc_title_descr sc_align_left\"><p>Biologische Faktoren, Stress, unausgewogene Ern\u00e4hrung und Schlafmangel verringern die nat\u00fcrliche Regenerationsf\u00e4higkeit der Haut. Fr\u00fch werden erste Anzeichen der Hautalterung wie feine F\u00e4ltchen und ein m\u00fcder Teint sichtbar. REVIDERM unterst\u00fctzt die Haut gezielt mit Produkten, die pr\u00e4ventiv gegen freie Radikale wirken, den Feuchtigkeitshaushalt regulieren und helfen, das vitale und jugendliche Erscheinungsbild zu bewahren.<\/p>\n<\/div><\/div><!-- \/.sc_title -->[vc_empty_space height=&#8221;1.785714285714286em&#8221; alter_height=&#8221;none&#8221; hide_on_desktop=&#8221;&#8221; hide_on_notebook=&#8221;&#8221; hide_on_tablet=&#8221;&#8221; hide_on_mobile=&#8221;&#8221;]<\/div><\/div><!-- \/.sc_content -->[\/vc_column][vc_column width=&#8221;5\/12&#8243; hide_bg_image_on_tablet=&#8221;&#8221; hide_bg_image_on_mobile=&#8221;&#8221; icons_position=&#8221;left&#8221; css=&#8221;.vc_custom_1741100595072{background-image: url(http:\/\/mediwell-kosmetik.de\/wp-content\/uploads\/2025\/03\/BY7A1348-scaled.jpg?id=2121) !important;background-position: center !important;background-repeat: no-repeat !important;background-size: cover !important;}&#8221;][vc_empty_space height=&#8221;20em&#8221; alter_height=&#8221;none&#8221; hide_on_desktop=&#8221;1&#8243; hide_on_notebook=&#8221;1&#8243; hide_on_tablet=&#8221;1&#8243; hide_on_mobile=&#8221;&#8221;][\/vc_column][vc_column icons_position=&#8221;left&#8221; offset=&#8221;vc_hidden-lg vc_hidden-md vc_hidden-sm vc_col-xs-12&#8243;][vc_empty_space height=&#8221;5em&#8221; alter_height=&#8221;none&#8221; hide_on_desktop=&#8221;1&#8243; hide_on_notebook=&#8221;1&#8243; hide_on_tablet=&#8221;1&#8243; hide_on_mobile=&#8221;&#8221;][\/vc_column][\/vc_row][vc_row equal_height=&#8221;yes&#8221;][vc_column width=&#8221;7\/12&#8243; hide_bg_image_on_tablet=&#8221;&#8221; hide_bg_image_on_mobile=&#8221;&#8221; icons_position=&#8221;left&#8221; css=&#8221;.vc_custom_1561129225975{background-image: url(http:\/\/mediwell-kosmetik.de\/wp-content\/uploads\/2019\/06\/88203_set_skinregulationsolutions_400px.jpg?id=1978) !important;background-position: center !important;background-repeat: no-repeat !important;background-size: contain !important;}&#8221;][vc_empty_space height=&#8221;10em&#8221; alter_height=&#8221;none&#8221; hide_on_desktop=&#8221;1&#8243; hide_on_notebook=&#8221;1&#8243; hide_on_tablet=&#8221;1&#8243; hide_on_mobile=&#8221;&#8221;][\/vc_column][vc_column width=&#8221;5\/12&#8243; hide_bg_image_on_tablet=&#8221;&#8221; hide_bg_image_on_mobile=&#8221;&#8221; icons_position=&#8221;left&#8221; css=&#8221;.vc_custom_1543846297104{background-color: #b8a398 !important;}&#8221;]<div id=\"sc_content_1028314188\"\n\t\tclass=\"sc_content sc_content_default sc_float_center sc_padding_medium\"><div class=\"sc_content_container\">[vc_empty_space height=&#8221;1.214285714285714em&#8221; alter_height=&#8221;none&#8221; hide_on_desktop=&#8221;&#8221; hide_on_notebook=&#8221;&#8221; hide_on_tablet=&#8221;&#8221; hide_on_mobile=&#8221;&#8221;]<div id=\"sc_title_1590560212\"\n\t\tclass=\"sc_title sc_title_default\"><h5 class=\"sc_item_title sc_title_title sc_align_left sc_item_title_style_default sc_item_title_tag\">Hautalterung - straffung & Festigung<\/h5><div class=\"sc_item_descr sc_title_descr sc_align_left\"><p>Der Alterungsprozess der Haut ist ein komplexer biologischer Prozess, der zum einen genetisch gesteuert (Zeitalterung) und zum anderen durch Umweltfaktoren beeinflusst (Umwelt- oder Lichtalterung) wird. Beide Prozesse pr\u00e4gen das Erscheinungsbild der Haut und kennzeichnen sie mit Falten, Gef\u00e4\u00dfzeichnungen, Elastizit\u00e4ts- und Konturverlust sowie Hautverf\u00e4rbungen (Dyscoloration). REVIDERM nutzt innovative Wirkstoff-Komplexe, die die nat\u00fcrlichen Regenerationsmechanismen anregen, die hauteigene Kollagenproduktion stimulieren, Falten korrigieren, die Haut straffen, konturieren und Pigmentst\u00f6rungen regulieren.<\/p>\n<\/div><\/div><!-- \/.sc_title -->[vc_empty_space height=&#8221;1.214285714285714em&#8221; alter_height=&#8221;none&#8221; hide_on_desktop=&#8221;&#8221; hide_on_notebook=&#8221;&#8221; hide_on_tablet=&#8221;&#8221; hide_on_mobile=&#8221;&#8221;]<\/div><\/div><!-- \/.sc_content -->[\/vc_column][\/vc_row][vc_row][vc_column icons_position=&#8221;left&#8221;][vc_empty_space height=&#8221;6.85em&#8221; alter_height=&#8221;none&#8221; hide_on_desktop=&#8221;&#8221; hide_on_notebook=&#8221;&#8221; hide_on_tablet=&#8221;&#8221; hide_on_mobile=&#8221;1&#8243;][vc_empty_space height=&#8221;5em&#8221; alter_height=&#8221;none&#8221; hide_on_desktop=&#8221;1&#8243; hide_on_notebook=&#8221;1&#8243; hide_on_tablet=&#8221;1&#8243; hide_on_mobile=&#8221;&#8221;][vc_empty_space height=&#8221;2.55em&#8221; alter_height=&#8221;none&#8221; hide_on_desktop=&#8221;&#8221; hide_on_notebook=&#8221;&#8221; hide_on_tablet=&#8221;&#8221; hide_on_mobile=&#8221;&#8221;][\/vc_column][\/vc_row][vc_row full_width=&#8221;stretch_row_content_no_spaces&#8221; equal_height=&#8221;yes&#8221; content_placement=&#8221;middle&#8221; css_animation=&#8221;fadeInUp&#8221; hide_bg_image_on_tablet=&#8221;&#8221; hide_bg_image_on_mobile=&#8221;&#8221; row_delimiter=&#8221;&#8221; hide_on_desktop=&#8221;&#8221; hide_on_notebook=&#8221;&#8221; hide_on_tablet=&#8221;1&#8243; hide_on_mobile=&#8221;1&#8243; hide_on_frontpage=&#8221;&#8221; css=&#8221;.vc_custom_1543846529267{background-color: #9aaf8f !important;}&#8221;][vc_column hide_bg_image_on_tablet=&#8221;&#8221; hide_bg_image_on_mobile=&#8221;&#8221; icons_position=&#8221;left&#8221;]<div id=\"sc_content_1489540335\"\n\t\tclass=\"sc_content sc_content_default sc_content_width_55p sc_float_left sc_padding_tiny  vc_custom_1543846322283\"><div class=\"sc_content_container\">[vc_empty_space height=&#8221;3.5em&#8221; alter_height=&#8221;none&#8221; hide_on_desktop=&#8221;&#8221; hide_on_notebook=&#8221;&#8221; hide_on_tablet=&#8221;&#8221; hide_on_mobile=&#8221;&#8221;]<div id=\"sc_content_149162891\"\n\t\tclass=\"sc_content sc_content_default sc_content_width_100p sc_float_right  vc_custom_1533300588500\"><div class=\"sc_content_container\">[vc_column_text]<\/p>\n<h3><span style=\"color: #ffffff;\">Newsletter Anmeldung<br \/>\n<\/span><\/h3>\n<p>[\/vc_column_text][vc_empty_space height=&#8221;3.5em&#8221; alter_height=&#8221;none&#8221; hide_on_desktop=&#8221;&#8221; hide_on_notebook=&#8221;&#8221; hide_on_tablet=&#8221;&#8221; hide_on_mobile=&#8221;&#8221;][vc_column_text][\/vc_column_text][vc_empty_space height=&#8221;4.2em&#8221; alter_height=&#8221;none&#8221; hide_on_desktop=&#8221;&#8221; hide_on_notebook=&#8221;&#8221; hide_on_tablet=&#8221;&#8221; hide_on_mobile=&#8221;&#8221;]<\/div><\/div><!-- \/.sc_content --><\/div><\/div><!-- \/.sc_content --><div id=\"sc_content_2013828273\"\n\t\tclass=\"sc_content sc_content_default sc_content_width_45p sc_float_left sc_padding_tiny\"><div class=\"sc_content_container\">[vc_empty_space height=&#8221;3.571428571428571em&#8221; alter_height=&#8221;none&#8221; hide_on_desktop=&#8221;&#8221; hide_on_notebook=&#8221;&#8221; hide_on_tablet=&#8221;&#8221; hide_on_mobile=&#8221;&#8221;][vc_column_text scheme=&#8221;dark&#8221;]<\/p>\n<h3>Kontaktieren Sie mich<\/h3>\n<p><span class=\"LrzXr\">Michael-Eifinger-Stra\u00dfe 29<\/span><br \/>\n<span class=\"w8qArf\">Telefon: <\/span><span class=\"LrzXr zdqRlf kno-fv\">06136 953403<\/span><br \/>\nEmail: info@mediwell-kosmetik.de[\/vc_column_text]<\/div><\/div><!-- \/.sc_content -->[\/vc_column][\/vc_row][vc_row full_width=&#8221;stretch_row_content_no_spaces&#8221; equal_height=&#8221;yes&#8221; content_placement=&#8221;middle&#8221; css_animation=&#8221;fadeInUp&#8221; hide_bg_image_on_tablet=&#8221;&#8221; hide_bg_image_on_mobile=&#8221;&#8221; row_delimiter=&#8221;&#8221; hide_on_desktop=&#8221;1&#8243; hide_on_notebook=&#8221;1&#8243; hide_on_tablet=&#8221;&#8221; hide_on_mobile=&#8221;&#8221; hide_on_frontpage=&#8221;&#8221;][vc_column width=&#8221;1\/2&#8243; hide_bg_image_on_tablet=&#8221;&#8221; hide_bg_image_on_mobile=&#8221;&#8221; icons_position=&#8221;left&#8221; css=&#8221;.vc_custom_1543846328062{background-color: #b8a398 !important;}&#8221;]<div id=\"sc_content_1126871894\"\n\t\tclass=\"sc_content sc_content_default sc_float_center sc_align_left sc_padding_medium\"><div class=\"sc_content_container\">[vc_empty_space height=&#8221;3em&#8221; alter_height=&#8221;none&#8221; hide_on_desktop=&#8221;&#8221; hide_on_notebook=&#8221;&#8221; hide_on_tablet=&#8221;&#8221; hide_on_mobile=&#8221;&#8221;][vc_column_text]<\/p>\n<h3><span style=\"color: #ffffff;\">Newsletter Anmeldung<br \/>\n<\/span><\/h3>\n<p>[\/vc_column_text][vc_empty_space height=&#8221;3em&#8221; alter_height=&#8221;none&#8221; hide_on_desktop=&#8221;&#8221; hide_on_notebook=&#8221;&#8221; hide_on_tablet=&#8221;&#8221; hide_on_mobile=&#8221;&#8221;][vc_column_text][\/vc_column_text][vc_empty_space height=&#8221;3em&#8221; alter_height=&#8221;none&#8221; hide_on_desktop=&#8221;&#8221; hide_on_notebook=&#8221;&#8221; hide_on_tablet=&#8221;&#8221; hide_on_mobile=&#8221;&#8221;]<\/div><\/div><!-- \/.sc_content -->[\/vc_column][vc_column width=&#8221;1\/2&#8243; hide_bg_image_on_tablet=&#8221;&#8221; hide_bg_image_on_mobile=&#8221;&#8221; icons_position=&#8221;left&#8221; css=&#8221;.vc_custom_1543846536357{background-color: #9aaf8f !important;}&#8221;]<div id=\"sc_content_227303819\"\n\t\tclass=\"sc_content sc_content_default sc_float_center sc_align_left sc_padding_medium\"><div class=\"sc_content_container\">[vc_empty_space height=&#8221;3em&#8221; alter_height=&#8221;none&#8221; hide_on_desktop=&#8221;&#8221; hide_on_notebook=&#8221;&#8221; hide_on_tablet=&#8221;&#8221; hide_on_mobile=&#8221;&#8221;][vc_column_text]<\/p>\n<h3>Kontaktieren Sie mich<\/h3>\n<p><span class=\"LrzXr\">Michael-Eifinger-Stra\u00dfe 29<\/span><br \/>\n<span class=\"w8qArf\">Telefon: <\/span><span class=\"LrzXr zdqRlf kno-fv\">06136 953403<\/span><br \/>\nEmail: info@mediwell-kosmetik.de[\/vc_column_text][vc_empty_space height=&#8221;3em&#8221; alter_height=&#8221;none&#8221; hide_on_desktop=&#8221;&#8221; hide_on_notebook=&#8221;&#8221; hide_on_tablet=&#8221;&#8221; hide_on_mobile=&#8221;&#8221;]<\/div><\/div><!-- \/.sc_content -->[\/vc_column][\/vc_row]<\/p>\n<\/section>","protected":false},"excerpt":{"rendered":"<p>[vc_row equal_height=&#8221;yes&#8221;][vc_column icons_position=&#8221;left&#8221;][vc_empty_space height=&#8221;7.143em&#8221; alter_height=&#8221;none&#8221; hide_on_desktop=&#8221;&#8221; hide_on_notebook=&#8221;&#8221; hide_on_tablet=&#8221;&#8221; hide_on_mobile=&#8221;1&#8243;][vc_empty_space height=&#8221;5em&#8221; alter_height=&#8221;none&#8221; hide_on_desktop=&#8221;1&#8243; hide_on_notebook=&#8221;1&#8243; hide_on_tablet=&#8221;1&#8243; hide_on_mobile=&#8221;&#8221;][\/vc_column][vc_column width=&#8221;7\/12&#8243; hide_bg_image_on_tablet=&#8221;&#8221; hide_bg_image_on_mobile=&#8221;&#8221; icons_position=&#8221;left&#8221; css=&#8221;.vc_custom_1541512031365{background-color: #f2eeec !important;}&#8221;][\/vc_column][vc_column width=&#8221;5\/12&#8243; hide_bg_image_on_tablet=&#8221;&#8221; hide_bg_image_on_mobile=&#8221;&#8221; icons_position=&#8221;left&#8221; css=&#8221;.vc_custom_1741100595072{background-image: url(http:\/\/mediwell-kosmetik.de\/wp-content\/uploads\/2025\/03\/BY7A1348-scaled.jpg?id=2121) !important;background-position: center !important;background-repeat: no-repeat !important;background-size: cover !important;}&#8221;][vc_empty_space height=&#8221;20em&#8221; alter_height=&#8221;none&#8221; hide_on_desktop=&#8221;1&#8243; hide_on_notebook=&#8221;1&#8243; hide_on_tablet=&#8221;1&#8243; hide_on_mobile=&#8221;&#8221;][\/vc_column][vc_column icons_position=&#8221;left&#8221; offset=&#8221;vc_hidden-lg vc_hidden-md vc_hidden-sm vc_col-xs-12&#8243;][vc_empty_space height=&#8221;5em&#8221; alter_height=&#8221;none&#8221; hide_on_desktop=&#8221;1&#8243; hide_on_notebook=&#8221;1&#8243; hide_on_tablet=&#8221;1&#8243; hide_on_mobile=&#8221;&#8221;][\/vc_column][\/vc_row][vc_row equal_height=&#8221;yes&#8221;][vc_column width=&#8221;7\/12&#8243; hide_bg_image_on_tablet=&#8221;&#8221; hide_bg_image_on_mobile=&#8221;&#8221; icons_position=&#8221;left&#8221; css=&#8221;.vc_custom_1561129225975{background-image: url(http:\/\/mediwell-kosmetik.de\/wp-content\/uploads\/2019\/06\/88203_set_skinregulationsolutions_400px.jpg?id=1978) !important;background-position:&hellip;<\/p>\n","protected":false},"author":1,"featured_media":0,"parent":1837,"menu_order":0,"comment_status":"closed","ping_status":"closed","template":"","meta":{"footnotes":""},"class_list":["post-1952","page","type-page","status-publish","hentry"],"_links":{"self":[{"href":"https:\/\/mediwell-kosmetik.de\/index.php?rest_route=\/wp\/v2\/pages\/1952","targetHints":{"allow":["GET"]}}],"collection":[{"href":"https:\/\/mediwell-kosmetik.de\/index.php?rest_route=\/wp\/v2\/pages"}],"about":[{"href":"https:\/\/mediwell-kosmetik.de\/index.php?rest_route=\/wp\/v2\/types\/page"}],"author":[{"embeddable":true,"href":"https:\/\/mediwell-kosmetik.de\/index.php?rest_route=\/wp\/v2\/users\/1"}],"replies":[{"embeddable":true,"href":"https:\/\/mediwell-kosmetik.de\/index.php?rest_route=%2Fwp%2Fv2%2Fcomments&post=1952"}],"version-history":[{"count":6,"href":"https:\/\/mediwell-kosmetik.de\/index.php?rest_route=\/wp\/v2\/pages\/1952\/revisions"}],"predecessor-version":[{"id":2123,"href":"https:\/\/mediwell-kosmetik.de\/index.php?rest_route=\/wp\/v2\/pages\/1952\/revisions\/2123"}],"up":[{"embeddable":true,"href":"https:\/\/mediwell-kosmetik.de\/index.php?rest_route=\/wp\/v2\/pages\/1837"}],"wp:attachment":[{"href":"https:\/\/mediwell-kosmetik.de\/index.php?rest_route=%2Fwp%2Fv2%2Fmedia&parent=1952"}],"curies":[{"name":"wp","href":"https:\/\/api.w.org\/{rel}","templated":true}]}}