{"id":1837,"date":"2019-03-21T22:09:08","date_gmt":"2019-03-21T22:09:08","guid":{"rendered":"http:\/\/mediwell-kosmetik.de\/?page_id=1837"},"modified":"2025-03-04T15:00:40","modified_gmt":"2025-03-04T15:00:40","slug":"dermokosmetik","status":"publish","type":"page","link":"https:\/\/mediwell-kosmetik.de\/?page_id=1837","title":{"rendered":"Dermokosmetik"},"content":{"rendered":"<section class=\"wpb-content-wrapper\"><p>[vc_row equal_height=&#8221;yes&#8221;][vc_column icons_position=&#8221;left&#8221;][vc_empty_space height=&#8221;7.143em&#8221; alter_height=&#8221;none&#8221; hide_on_desktop=&#8221;&#8221; hide_on_notebook=&#8221;&#8221; hide_on_tablet=&#8221;&#8221; hide_on_mobile=&#8221;1&#8243;][vc_empty_space height=&#8221;5em&#8221; alter_height=&#8221;none&#8221; hide_on_desktop=&#8221;1&#8243; hide_on_notebook=&#8221;1&#8243; hide_on_tablet=&#8221;1&#8243; hide_on_mobile=&#8221;&#8221;][\/vc_column][vc_column width=&#8221;7\/12&#8243; hide_bg_image_on_tablet=&#8221;&#8221; hide_bg_image_on_mobile=&#8221;&#8221; icons_position=&#8221;left&#8221; css=&#8221;.vc_custom_1541512031365{background-color: #f2eeec !important;}&#8221;]<div id=\"sc_content_1666613117\"\n\t\tclass=\"sc_content sc_content_default sc_float_center sc_padding_large  vc_custom_1541512230582\"><div class=\"sc_content_container\"><div id=\"sc_title_1526757562\"\n\t\tclass=\"sc_title sc_title_default\"><h3 class=\"sc_item_title sc_title_title sc_align_left sc_item_title_style_default sc_item_title_tag\">Der Kern der Sch\u00f6nheit <br> liegt im Verst\u00e4ndnis der Haut<\/h3><div class=\"sc_item_descr sc_title_descr sc_align_left\"><p>Die Haut ist mit ca. 600.000 Zellen pro Quadratzentimeter das gr\u00f6\u00dfte Organ des Menschen. F\u00fcr die einen ist sie nur das Grenzorgan unseres K\u00f6rpers, f\u00fcr die anderen der Spiegel der Seele. In jedem Fall macht erst die Haut uns wirklich sichtbar und schenkt unserer Individualit\u00e4t Ausdruck. Grund genug, sich das funktionell vielseitige Organ genauer anzusehen und ihren Aufbau zu verstehen.<\/p>\n<p>Genauso individuell und besonders wie jeder Mensch, ist auch unsere Haut. Sie ist unser nat\u00fcrliches Schutzschild. Arbeitet Tag und Nacht. Gesunde Haut heilt und regeneriert sich von selbst und schenkt uns immer wieder neue Zellen f\u00fcr ein t\u00e4gliches Leben in Sch\u00f6nheit.<\/p>\n<p>Je nach Veranlagung, Lebensstil und Alter ben\u00f6tigt sie dabei Unterst\u00fctzung. Diese m\u00f6chte ich ihr geben. Jeden Tag aufs Neue. Mit Technik und Dermokosmetik. Damit sie ihren Idealzustand erreicht. Das ist mein Ziel.<\/p>\n<\/div><\/div><!-- \/.sc_title -->[vc_empty_space height=&#8221;1.785714285714286em&#8221; alter_height=&#8221;none&#8221; hide_on_desktop=&#8221;&#8221; hide_on_notebook=&#8221;&#8221; hide_on_tablet=&#8221;&#8221; hide_on_mobile=&#8221;&#8221;]<\/div><\/div><!-- \/.sc_content -->[\/vc_column][vc_column width=&#8221;5\/12&#8243; hide_bg_image_on_tablet=&#8221;&#8221; hide_bg_image_on_mobile=&#8221;&#8221; icons_position=&#8221;left&#8221; css=&#8221;.vc_custom_1741100416495{background-image: url(http:\/\/mediwell-kosmetik.de\/wp-content\/uploads\/2025\/03\/BY7A1331-scaled.jpg?id=2118) !important;background-position: center !important;background-repeat: no-repeat !important;background-size: cover !important;}&#8221;][vc_empty_space height=&#8221;20em&#8221; alter_height=&#8221;none&#8221; hide_on_desktop=&#8221;1&#8243; hide_on_notebook=&#8221;1&#8243; hide_on_tablet=&#8221;1&#8243; hide_on_mobile=&#8221;&#8221;][\/vc_column][vc_column icons_position=&#8221;left&#8221; offset=&#8221;vc_hidden-lg vc_hidden-md vc_hidden-sm vc_col-xs-12&#8243;][vc_empty_space height=&#8221;5em&#8221; alter_height=&#8221;none&#8221; hide_on_desktop=&#8221;1&#8243; hide_on_notebook=&#8221;1&#8243; hide_on_tablet=&#8221;1&#8243; hide_on_mobile=&#8221;&#8221;][\/vc_column][\/vc_row][vc_row equal_height=&#8221;yes&#8221;][vc_column width=&#8221;7\/12&#8243; hide_bg_image_on_tablet=&#8221;&#8221; hide_bg_image_on_mobile=&#8221;&#8221; icons_position=&#8221;left&#8221; css=&#8221;.vc_custom_1741100437368{background-image: url(http:\/\/mediwell-kosmetik.de\/wp-content\/uploads\/2025\/03\/BY7A1265-scaled.jpg?id=2119) !important;background-position: center !important;background-repeat: no-repeat !important;background-size: cover !important;}&#8221;][vc_empty_space height=&#8221;10em&#8221; alter_height=&#8221;none&#8221; hide_on_desktop=&#8221;1&#8243; hide_on_notebook=&#8221;1&#8243; hide_on_tablet=&#8221;1&#8243; hide_on_mobile=&#8221;&#8221;][\/vc_column][vc_column width=&#8221;5\/12&#8243; hide_bg_image_on_tablet=&#8221;&#8221; hide_bg_image_on_mobile=&#8221;&#8221; icons_position=&#8221;left&#8221; css=&#8221;.vc_custom_1543846297104{background-color: #b8a398 !important;}&#8221;]<div id=\"sc_content_423487971\"\n\t\tclass=\"sc_content sc_content_default sc_float_center sc_padding_medium\"><div class=\"sc_content_container\">[vc_empty_space height=&#8221;1.214285714285714em&#8221; alter_height=&#8221;none&#8221; hide_on_desktop=&#8221;&#8221; hide_on_notebook=&#8221;&#8221; hide_on_tablet=&#8221;&#8221; hide_on_mobile=&#8221;&#8221;]<div id=\"sc_title_541590472\"\n\t\tclass=\"sc_title sc_title_default\"><h5 class=\"sc_item_title sc_title_title sc_align_left sc_item_title_style_default sc_item_title_tag\">Dermokosmetik<\/h5><div class=\"sc_item_descr sc_title_descr sc_align_left\"><p>Die Wahl der besten individuellen Behandlung<\/p>\n<p>Um die Haut in ihren Optimalzustand zu bringen, setze ich auf qualitativ hovhwertige Produkte von REVIDERM. Die sichtbaren Ergebnisse meiner Kunden und die perfekte Kombination aus Technologie und Pflege haben mich \u00fcberzeugt. Seit vielen Jahren setze ich deshalb schon auf das Wirkprinzip von Reviderm.<\/p>\n<\/div><\/div><!-- \/.sc_title -->[vc_empty_space height=&#8221;1.214285714285714em&#8221; alter_height=&#8221;none&#8221; hide_on_desktop=&#8221;&#8221; hide_on_notebook=&#8221;&#8221; hide_on_tablet=&#8221;&#8221; hide_on_mobile=&#8221;&#8221;]<\/div><\/div><!-- \/.sc_content -->[\/vc_column][\/vc_row][vc_row][vc_column icons_position=&#8221;left&#8221;][vc_empty_space height=&#8221;6.85em&#8221; alter_height=&#8221;none&#8221; hide_on_desktop=&#8221;&#8221; hide_on_notebook=&#8221;&#8221; hide_on_tablet=&#8221;&#8221; hide_on_mobile=&#8221;1&#8243;][vc_empty_space height=&#8221;5em&#8221; alter_height=&#8221;none&#8221; hide_on_desktop=&#8221;1&#8243; hide_on_notebook=&#8221;1&#8243; hide_on_tablet=&#8221;1&#8243; hide_on_mobile=&#8221;&#8221;][vc_empty_space height=&#8221;2.55em&#8221; alter_height=&#8221;none&#8221; hide_on_desktop=&#8221;&#8221; hide_on_notebook=&#8221;&#8221; hide_on_tablet=&#8221;&#8221; hide_on_mobile=&#8221;&#8221;][\/vc_column][\/vc_row][vc_row full_width=&#8221;stretch_row_content_no_spaces&#8221; equal_height=&#8221;yes&#8221; content_placement=&#8221;middle&#8221; css_animation=&#8221;fadeInUp&#8221; hide_bg_image_on_tablet=&#8221;&#8221; hide_bg_image_on_mobile=&#8221;&#8221; row_delimiter=&#8221;&#8221; hide_on_desktop=&#8221;&#8221; hide_on_notebook=&#8221;&#8221; hide_on_tablet=&#8221;1&#8243; hide_on_mobile=&#8221;1&#8243; hide_on_frontpage=&#8221;&#8221; css=&#8221;.vc_custom_1543846529267{background-color: #9aaf8f !important;}&#8221;][vc_column hide_bg_image_on_tablet=&#8221;&#8221; hide_bg_image_on_mobile=&#8221;&#8221; icons_position=&#8221;left&#8221;]<div id=\"sc_content_1369378639\"\n\t\tclass=\"sc_content sc_content_default sc_content_width_55p sc_float_left sc_padding_tiny  vc_custom_1543846322283\"><div class=\"sc_content_container\">[vc_empty_space height=&#8221;3.5em&#8221; alter_height=&#8221;none&#8221; hide_on_desktop=&#8221;&#8221; hide_on_notebook=&#8221;&#8221; hide_on_tablet=&#8221;&#8221; hide_on_mobile=&#8221;&#8221;]<div id=\"sc_content_899559577\"\n\t\tclass=\"sc_content sc_content_default sc_content_width_100p sc_float_right  vc_custom_1533300588500\"><div class=\"sc_content_container\">[vc_column_text]<\/p>\n<h3><span style=\"color: #ffffff;\">Newsletter Anmeldung<br \/>\n<\/span><\/h3>\n<p>[\/vc_column_text][vc_empty_space height=&#8221;3.5em&#8221; alter_height=&#8221;none&#8221; hide_on_desktop=&#8221;&#8221; hide_on_notebook=&#8221;&#8221; hide_on_tablet=&#8221;&#8221; hide_on_mobile=&#8221;&#8221;][vc_column_text][\/vc_column_text][vc_empty_space height=&#8221;4.2em&#8221; alter_height=&#8221;none&#8221; hide_on_desktop=&#8221;&#8221; hide_on_notebook=&#8221;&#8221; hide_on_tablet=&#8221;&#8221; hide_on_mobile=&#8221;&#8221;]<\/div><\/div><!-- \/.sc_content --><\/div><\/div><!-- \/.sc_content --><div id=\"sc_content_672057495\"\n\t\tclass=\"sc_content sc_content_default sc_content_width_45p sc_float_left sc_padding_tiny\"><div class=\"sc_content_container\">[vc_empty_space height=&#8221;3.571428571428571em&#8221; alter_height=&#8221;none&#8221; hide_on_desktop=&#8221;&#8221; hide_on_notebook=&#8221;&#8221; hide_on_tablet=&#8221;&#8221; hide_on_mobile=&#8221;&#8221;][vc_column_text scheme=&#8221;dark&#8221;]<\/p>\n<h3>Kontaktieren Sie mich<\/h3>\n<p><span class=\"LrzXr\">Michael-Eifinger-Stra\u00dfe 29<\/span><br \/>\n<span class=\"w8qArf\">Telefon: <\/span><span class=\"LrzXr zdqRlf kno-fv\">06136 953403<\/span><br \/>\nEmail: info@mediwell-kosmetik.de[\/vc_column_text]<\/div><\/div><!-- \/.sc_content -->[\/vc_column][\/vc_row][vc_row full_width=&#8221;stretch_row_content_no_spaces&#8221; equal_height=&#8221;yes&#8221; content_placement=&#8221;middle&#8221; css_animation=&#8221;fadeInUp&#8221; hide_bg_image_on_tablet=&#8221;&#8221; hide_bg_image_on_mobile=&#8221;&#8221; row_delimiter=&#8221;&#8221; hide_on_desktop=&#8221;1&#8243; hide_on_notebook=&#8221;1&#8243; hide_on_tablet=&#8221;&#8221; hide_on_mobile=&#8221;&#8221; hide_on_frontpage=&#8221;&#8221;][vc_column width=&#8221;1\/2&#8243; hide_bg_image_on_tablet=&#8221;&#8221; hide_bg_image_on_mobile=&#8221;&#8221; icons_position=&#8221;left&#8221; css=&#8221;.vc_custom_1543846328062{background-color: #b8a398 !important;}&#8221;]<div id=\"sc_content_1648469247\"\n\t\tclass=\"sc_content sc_content_default sc_float_center sc_align_left sc_padding_medium\"><div class=\"sc_content_container\">[vc_empty_space height=&#8221;3em&#8221; alter_height=&#8221;none&#8221; hide_on_desktop=&#8221;&#8221; hide_on_notebook=&#8221;&#8221; hide_on_tablet=&#8221;&#8221; hide_on_mobile=&#8221;&#8221;][vc_column_text]<\/p>\n<h3><span style=\"color: #ffffff;\">Newsletter Anmeldung<br \/>\n<\/span><\/h3>\n<p>[\/vc_column_text][vc_empty_space height=&#8221;3em&#8221; alter_height=&#8221;none&#8221; hide_on_desktop=&#8221;&#8221; hide_on_notebook=&#8221;&#8221; hide_on_tablet=&#8221;&#8221; hide_on_mobile=&#8221;&#8221;][vc_column_text][\/vc_column_text][vc_empty_space height=&#8221;3em&#8221; alter_height=&#8221;none&#8221; hide_on_desktop=&#8221;&#8221; hide_on_notebook=&#8221;&#8221; hide_on_tablet=&#8221;&#8221; hide_on_mobile=&#8221;&#8221;]<\/div><\/div><!-- \/.sc_content -->[\/vc_column][vc_column width=&#8221;1\/2&#8243; hide_bg_image_on_tablet=&#8221;&#8221; hide_bg_image_on_mobile=&#8221;&#8221; icons_position=&#8221;left&#8221; css=&#8221;.vc_custom_1543846536357{background-color: #9aaf8f !important;}&#8221;]<div id=\"sc_content_212958329\"\n\t\tclass=\"sc_content sc_content_default sc_float_center sc_align_left sc_padding_medium\"><div class=\"sc_content_container\">[vc_empty_space height=&#8221;3em&#8221; alter_height=&#8221;none&#8221; hide_on_desktop=&#8221;&#8221; hide_on_notebook=&#8221;&#8221; hide_on_tablet=&#8221;&#8221; hide_on_mobile=&#8221;&#8221;][vc_column_text]<\/p>\n<h3>Kontaktieren Sie mich<\/h3>\n<p><span class=\"LrzXr\">Michael-Eifinger-Stra\u00dfe 29<\/span><br \/>\n<span class=\"w8qArf\">Telefon: <\/span><span class=\"LrzXr zdqRlf kno-fv\">06136 953403<\/span><br \/>\nEmail: info@mediwell-kosmetik.de[\/vc_column_text][vc_empty_space height=&#8221;3em&#8221; alter_height=&#8221;none&#8221; hide_on_desktop=&#8221;&#8221; hide_on_notebook=&#8221;&#8221; hide_on_tablet=&#8221;&#8221; hide_on_mobile=&#8221;&#8221;]<\/div><\/div><!-- \/.sc_content -->[\/vc_column][\/vc_row]<\/p>\n<\/section>","protected":false},"excerpt":{"rendered":"<p>[vc_row equal_height=&#8221;yes&#8221;][vc_column icons_position=&#8221;left&#8221;][vc_empty_space height=&#8221;7.143em&#8221; alter_height=&#8221;none&#8221; hide_on_desktop=&#8221;&#8221; hide_on_notebook=&#8221;&#8221; hide_on_tablet=&#8221;&#8221; hide_on_mobile=&#8221;1&#8243;][vc_empty_space height=&#8221;5em&#8221; alter_height=&#8221;none&#8221; hide_on_desktop=&#8221;1&#8243; hide_on_notebook=&#8221;1&#8243; hide_on_tablet=&#8221;1&#8243; hide_on_mobile=&#8221;&#8221;][\/vc_column][vc_column width=&#8221;7\/12&#8243; hide_bg_image_on_tablet=&#8221;&#8221; hide_bg_image_on_mobile=&#8221;&#8221; icons_position=&#8221;left&#8221; css=&#8221;.vc_custom_1541512031365{background-color: #f2eeec !important;}&#8221;][\/vc_column][vc_column width=&#8221;5\/12&#8243; hide_bg_image_on_tablet=&#8221;&#8221; hide_bg_image_on_mobile=&#8221;&#8221; icons_position=&#8221;left&#8221; css=&#8221;.vc_custom_1741100416495{background-image: url(http:\/\/mediwell-kosmetik.de\/wp-content\/uploads\/2025\/03\/BY7A1331-scaled.jpg?id=2118) !important;background-position: center !important;background-repeat: no-repeat !important;background-size: cover !important;}&#8221;][vc_empty_space height=&#8221;20em&#8221; alter_height=&#8221;none&#8221; hide_on_desktop=&#8221;1&#8243; hide_on_notebook=&#8221;1&#8243; hide_on_tablet=&#8221;1&#8243; hide_on_mobile=&#8221;&#8221;][\/vc_column][vc_column icons_position=&#8221;left&#8221; offset=&#8221;vc_hidden-lg vc_hidden-md vc_hidden-sm vc_col-xs-12&#8243;][vc_empty_space height=&#8221;5em&#8221; alter_height=&#8221;none&#8221; hide_on_desktop=&#8221;1&#8243; hide_on_notebook=&#8221;1&#8243; hide_on_tablet=&#8221;1&#8243; hide_on_mobile=&#8221;&#8221;][\/vc_column][\/vc_row][vc_row equal_height=&#8221;yes&#8221;][vc_column width=&#8221;7\/12&#8243; hide_bg_image_on_tablet=&#8221;&#8221; hide_bg_image_on_mobile=&#8221;&#8221; icons_position=&#8221;left&#8221; css=&#8221;.vc_custom_1741100437368{background-image: url(http:\/\/mediwell-kosmetik.de\/wp-content\/uploads\/2025\/03\/BY7A1265-scaled.jpg?id=2119) !important;background-position:&hellip;<\/p>\n","protected":false},"author":1,"featured_media":0,"parent":0,"menu_order":0,"comment_status":"closed","ping_status":"closed","template":"","meta":{"footnotes":""},"class_list":["post-1837","page","type-page","status-publish","hentry"],"_links":{"self":[{"href":"https:\/\/mediwell-kosmetik.de\/index.php?rest_route=\/wp\/v2\/pages\/1837","targetHints":{"allow":["GET"]}}],"collection":[{"href":"https:\/\/mediwell-kosmetik.de\/index.php?rest_route=\/wp\/v2\/pages"}],"about":[{"href":"https:\/\/mediwell-kosmetik.de\/index.php?rest_route=\/wp\/v2\/types\/page"}],"author":[{"embeddable":true,"href":"https:\/\/mediwell-kosmetik.de\/index.php?rest_route=\/wp\/v2\/users\/1"}],"replies":[{"embeddable":true,"href":"https:\/\/mediwell-kosmetik.de\/index.php?rest_route=%2Fwp%2Fv2%2Fcomments&post=1837"}],"version-history":[{"count":5,"href":"https:\/\/mediwell-kosmetik.de\/index.php?rest_route=\/wp\/v2\/pages\/1837\/revisions"}],"predecessor-version":[{"id":2120,"href":"https:\/\/mediwell-kosmetik.de\/index.php?rest_route=\/wp\/v2\/pages\/1837\/revisions\/2120"}],"wp:attachment":[{"href":"https:\/\/mediwell-kosmetik.de\/index.php?rest_route=%2Fwp%2Fv2%2Fmedia&parent=1837"}],"curies":[{"name":"wp","href":"https:\/\/api.w.org\/{rel}","templated":true}]}}