{"id":1835,"date":"2019-03-21T22:08:43","date_gmt":"2019-03-21T22:08:43","guid":{"rendered":"http:\/\/mediwell-kosmetik.de\/?page_id=1835"},"modified":"2025-03-04T15:09:11","modified_gmt":"2025-03-04T15:09:11","slug":"micro-needling","status":"publish","type":"page","link":"https:\/\/mediwell-kosmetik.de\/?page_id=1835","title":{"rendered":"Micro Needling"},"content":{"rendered":"<section class=\"wpb-content-wrapper\"><p>[vc_row equal_height=&#8221;yes&#8221;][vc_column icons_position=&#8221;left&#8221;][vc_empty_space height=&#8221;7.143em&#8221; alter_height=&#8221;none&#8221; hide_on_desktop=&#8221;&#8221; hide_on_notebook=&#8221;&#8221; hide_on_tablet=&#8221;&#8221; hide_on_mobile=&#8221;1&#8243;][vc_empty_space height=&#8221;5em&#8221; alter_height=&#8221;none&#8221; hide_on_desktop=&#8221;1&#8243; hide_on_notebook=&#8221;1&#8243; hide_on_tablet=&#8221;1&#8243; hide_on_mobile=&#8221;&#8221;][\/vc_column][vc_column width=&#8221;7\/12&#8243; hide_bg_image_on_tablet=&#8221;&#8221; hide_bg_image_on_mobile=&#8221;&#8221; icons_position=&#8221;left&#8221; css=&#8221;.vc_custom_1541512031365{background-color: #f2eeec !important;}&#8221;]<div id=\"sc_content_760858051\"\n\t\tclass=\"sc_content sc_content_default sc_float_center sc_padding_large  vc_custom_1541512230582\"><div class=\"sc_content_container\"><div id=\"sc_title_1019690000\"\n\t\tclass=\"sc_title sc_title_default\"><h3 class=\"sc_item_title sc_title_title sc_align_left sc_item_title_style_default sc_item_title_tag\">reviderm <br> Micro Needling<\/h3><div class=\"sc_item_descr sc_title_descr sc_align_left\"><p>Ein stichhaltiges Wirkprinzip \u2013 Urspr\u00fcnglich eine Nischenmethode zur Behandlung von Narben, entwickelte sich Micro-Needling rasant zur Erfolgsmethode \u00e4sthetischer Hautbehandlungen. Mit der 3. Ger\u00e4tegeneration ist der Behandlungskomfort so gro\u00df wie nie. Der Motor des SkinNeedlers ist der mit Abstand leistungsst\u00e4rkste am Markt, die Needlingfrequenz fast doppelt so hoch \/ schnell wie der Fl\u00fcgelschlag des schnellsten Kolibri.<\/p>\n<\/div><\/div><!-- \/.sc_title -->[vc_empty_space height=&#8221;1.785714285714286em&#8221; alter_height=&#8221;none&#8221; hide_on_desktop=&#8221;&#8221; hide_on_notebook=&#8221;&#8221; hide_on_tablet=&#8221;&#8221; hide_on_mobile=&#8221;&#8221;]<\/div><\/div><!-- \/.sc_content -->[\/vc_column][vc_column width=&#8221;5\/12&#8243; hide_bg_image_on_tablet=&#8221;&#8221; hide_bg_image_on_mobile=&#8221;&#8221; icons_position=&#8221;left&#8221; css=&#8221;.vc_custom_1741100950544{background-image: url(http:\/\/mediwell-kosmetik.de\/wp-content\/uploads\/2025\/03\/BY7A1221-scaled.jpg?id=2127) !important;background-position: center !important;background-repeat: no-repeat !important;background-size: cover !important;}&#8221;][vc_empty_space height=&#8221;20em&#8221; alter_height=&#8221;none&#8221; hide_on_desktop=&#8221;1&#8243; hide_on_notebook=&#8221;1&#8243; hide_on_tablet=&#8221;1&#8243; hide_on_mobile=&#8221;&#8221;][\/vc_column][vc_column icons_position=&#8221;left&#8221; offset=&#8221;vc_hidden-lg vc_hidden-md vc_hidden-sm vc_col-xs-12&#8243;][vc_empty_space height=&#8221;5em&#8221; alter_height=&#8221;none&#8221; hide_on_desktop=&#8221;1&#8243; hide_on_notebook=&#8221;1&#8243; hide_on_tablet=&#8221;1&#8243; hide_on_mobile=&#8221;&#8221;][\/vc_column][\/vc_row][vc_row equal_height=&#8221;yes&#8221;][vc_column width=&#8221;7\/12&#8243; hide_bg_image_on_tablet=&#8221;&#8221; hide_bg_image_on_mobile=&#8221;&#8221; icons_position=&#8221;left&#8221; css=&#8221;.vc_custom_1553359572812{background-image: url(http:\/\/mediwell-kosmetik.de\/wp-content\/uploads\/2019\/03\/Reviderm_Skinneedler_Banner_850x2000_RZ.jpg?id=1910) !important;background-position: center !important;background-repeat: no-repeat !important;background-size: cover !important;}&#8221;][vc_empty_space height=&#8221;10em&#8221; alter_height=&#8221;none&#8221; hide_on_desktop=&#8221;1&#8243; hide_on_notebook=&#8221;1&#8243; hide_on_tablet=&#8221;1&#8243; hide_on_mobile=&#8221;&#8221;][\/vc_column][vc_column width=&#8221;5\/12&#8243; hide_bg_image_on_tablet=&#8221;&#8221; hide_bg_image_on_mobile=&#8221;&#8221; icons_position=&#8221;left&#8221; css=&#8221;.vc_custom_1543846297104{background-color: #b8a398 !important;}&#8221;]<div id=\"sc_content_1977167254\"\n\t\tclass=\"sc_content sc_content_default sc_float_center sc_padding_medium\"><div class=\"sc_content_container\">[vc_empty_space height=&#8221;1.214285714285714em&#8221; alter_height=&#8221;none&#8221; hide_on_desktop=&#8221;&#8221; hide_on_notebook=&#8221;&#8221; hide_on_tablet=&#8221;&#8221; hide_on_mobile=&#8221;&#8221;]<div id=\"sc_title_951258523\"\n\t\tclass=\"sc_title sc_title_default\"><h5 class=\"sc_item_title sc_title_title sc_align_left sc_item_title_style_default sc_item_title_tag\">So funktioniert <br> das Micro Needling<\/h5><div class=\"sc_item_descr sc_title_descr sc_align_left\"><p>Micro-Needling geh\u00f6rt zu den physikalischen, minimal-invasiven Verfahren. Mikrofeine Nadeln perforieren die Haut und setzen dadurch hauteigene Regenerationsprozesse in Gang. Die Kleinstverletzungen erh\u00f6hen die NEUBILDUNG der sogenannten MATRIXKOMPONENTEN wie HYALURONS\u00c4URE, ELASTIN und dem f\u00fcr die HAUTFESTIGKEIT so wichtigen KOLLAGEN. Neben der direkten Wirkung auf die Haut, dient Micro-Needling auch der Steigerung der Aufnahmebereitschaft der Epidermis. Die Mikrokan\u00e4le lassen Wirkstoffe besser und tiefer penetrieren. Auf diese Weise lassen sich hervorragende Synergieeffekte aus apparativer und topischer Anwendung erzielen.<\/p>\n<p>Micro-Needling gilt seit gut einem Jahrzehnt als Geheimwaffe unter den Anti-Aging Methoden zur Behandlung \u00e4sthetischer Hautprobleme. Profitieren Sie von den nat\u00fcrlichen Schutzfunktionen Ihrer Haut.<\/p>\n<p>Ideal bei\u2026<br \/>\n\u2022 gealteter Haut mit nachlassender Festigkeit<br \/>\n\u2022 Akne Narben<br \/>\n\u2022 Starke Falten<br \/>\n\u2022 Pliseef\u00e4ltchen um den Mund<br \/>\n\u2022 Kr\u00e4henf\u00fc\u00dfe an den Augen<br \/>\n\u2022 sensibe und zu allergieneigende Haut<\/p>\n<p>\u00dcberzeugen Sie sich selbst.<\/p>\n<\/div><\/div><!-- \/.sc_title -->[vc_empty_space height=&#8221;1.214285714285714em&#8221; alter_height=&#8221;none&#8221; hide_on_desktop=&#8221;&#8221; hide_on_notebook=&#8221;&#8221; hide_on_tablet=&#8221;&#8221; hide_on_mobile=&#8221;&#8221;][vc_empty_space height=&#8221;200px&#8221; alter_height=&#8221;none&#8221; hide_on_desktop=&#8221;&#8221; hide_on_notebook=&#8221;&#8221; hide_on_tablet=&#8221;&#8221; hide_on_mobile=&#8221;&#8221;]<\/div><\/div><!-- \/.sc_content -->[\/vc_column][\/vc_row][vc_row][vc_column icons_position=&#8221;left&#8221;][vc_empty_space height=&#8221;6.85em&#8221; alter_height=&#8221;none&#8221; hide_on_desktop=&#8221;&#8221; hide_on_notebook=&#8221;&#8221; hide_on_tablet=&#8221;&#8221; hide_on_mobile=&#8221;1&#8243;][vc_empty_space height=&#8221;5em&#8221; alter_height=&#8221;none&#8221; hide_on_desktop=&#8221;1&#8243; hide_on_notebook=&#8221;1&#8243; hide_on_tablet=&#8221;1&#8243; hide_on_mobile=&#8221;&#8221;][vc_empty_space height=&#8221;2.55em&#8221; alter_height=&#8221;none&#8221; hide_on_desktop=&#8221;&#8221; hide_on_notebook=&#8221;&#8221; hide_on_tablet=&#8221;&#8221; hide_on_mobile=&#8221;&#8221;][\/vc_column][\/vc_row][vc_row full_width=&#8221;stretch_row_content_no_spaces&#8221; equal_height=&#8221;yes&#8221; content_placement=&#8221;middle&#8221; css_animation=&#8221;fadeInUp&#8221; hide_bg_image_on_tablet=&#8221;&#8221; hide_bg_image_on_mobile=&#8221;&#8221; row_delimiter=&#8221;&#8221; hide_on_desktop=&#8221;&#8221; hide_on_notebook=&#8221;&#8221; hide_on_tablet=&#8221;1&#8243; hide_on_mobile=&#8221;1&#8243; hide_on_frontpage=&#8221;&#8221; css=&#8221;.vc_custom_1543846529267{background-color: #9aaf8f !important;}&#8221;][vc_column hide_bg_image_on_tablet=&#8221;&#8221; hide_bg_image_on_mobile=&#8221;&#8221; icons_position=&#8221;left&#8221;]<div id=\"sc_content_446878112\"\n\t\tclass=\"sc_content sc_content_default sc_content_width_55p sc_float_left sc_padding_tiny  vc_custom_1543846322283\"><div class=\"sc_content_container\">[vc_empty_space height=&#8221;3.5em&#8221; alter_height=&#8221;none&#8221; hide_on_desktop=&#8221;&#8221; hide_on_notebook=&#8221;&#8221; hide_on_tablet=&#8221;&#8221; hide_on_mobile=&#8221;&#8221;]<div id=\"sc_content_992132794\"\n\t\tclass=\"sc_content sc_content_default sc_content_width_100p sc_float_right  vc_custom_1533300588500\"><div class=\"sc_content_container\">[vc_column_text]<\/p>\n<h3><span style=\"color: #ffffff;\">Newsletter Anmeldung<br \/>\n<\/span><\/h3>\n<p>[\/vc_column_text][vc_empty_space height=&#8221;3.5em&#8221; alter_height=&#8221;none&#8221; hide_on_desktop=&#8221;&#8221; hide_on_notebook=&#8221;&#8221; hide_on_tablet=&#8221;&#8221; hide_on_mobile=&#8221;&#8221;][vc_column_text][\/vc_column_text][vc_empty_space height=&#8221;4.2em&#8221; alter_height=&#8221;none&#8221; hide_on_desktop=&#8221;&#8221; hide_on_notebook=&#8221;&#8221; hide_on_tablet=&#8221;&#8221; hide_on_mobile=&#8221;&#8221;]<\/div><\/div><!-- \/.sc_content --><\/div><\/div><!-- \/.sc_content --><div id=\"sc_content_1187677228\"\n\t\tclass=\"sc_content sc_content_default sc_content_width_45p sc_float_left sc_padding_tiny\"><div class=\"sc_content_container\">[vc_empty_space height=&#8221;3.571428571428571em&#8221; alter_height=&#8221;none&#8221; hide_on_desktop=&#8221;&#8221; hide_on_notebook=&#8221;&#8221; hide_on_tablet=&#8221;&#8221; hide_on_mobile=&#8221;&#8221;][vc_column_text scheme=&#8221;dark&#8221;]<\/p>\n<h3>Kontaktieren Sie mich<\/h3>\n<p><span class=\"LrzXr\">Michael-Eifinger-Stra\u00dfe 29<\/span><br \/>\n<span class=\"w8qArf\">Telefon: <\/span><span class=\"LrzXr zdqRlf kno-fv\">06136 953403<\/span><br \/>\nEmail: info@mediwell-kosmetik.de[\/vc_column_text]<\/div><\/div><!-- \/.sc_content -->[\/vc_column][\/vc_row][vc_row full_width=&#8221;stretch_row_content_no_spaces&#8221; equal_height=&#8221;yes&#8221; content_placement=&#8221;middle&#8221; css_animation=&#8221;fadeInUp&#8221; hide_bg_image_on_tablet=&#8221;&#8221; hide_bg_image_on_mobile=&#8221;&#8221; row_delimiter=&#8221;&#8221; hide_on_desktop=&#8221;1&#8243; hide_on_notebook=&#8221;1&#8243; hide_on_tablet=&#8221;&#8221; hide_on_mobile=&#8221;&#8221; hide_on_frontpage=&#8221;&#8221;][vc_column width=&#8221;1\/2&#8243; hide_bg_image_on_tablet=&#8221;&#8221; hide_bg_image_on_mobile=&#8221;&#8221; icons_position=&#8221;left&#8221; css=&#8221;.vc_custom_1543846328062{background-color: #b8a398 !important;}&#8221;]<div id=\"sc_content_126893076\"\n\t\tclass=\"sc_content sc_content_default sc_float_center sc_align_left sc_padding_medium\"><div class=\"sc_content_container\">[vc_empty_space height=&#8221;3em&#8221; alter_height=&#8221;none&#8221; hide_on_desktop=&#8221;&#8221; hide_on_notebook=&#8221;&#8221; hide_on_tablet=&#8221;&#8221; hide_on_mobile=&#8221;&#8221;][vc_column_text]<\/p>\n<h3><span style=\"color: #ffffff;\">Newsletter Anmeldung<br \/>\n<\/span><\/h3>\n<p>[\/vc_column_text][vc_empty_space height=&#8221;3em&#8221; alter_height=&#8221;none&#8221; hide_on_desktop=&#8221;&#8221; hide_on_notebook=&#8221;&#8221; hide_on_tablet=&#8221;&#8221; hide_on_mobile=&#8221;&#8221;][vc_column_text][\/vc_column_text][vc_empty_space height=&#8221;3em&#8221; alter_height=&#8221;none&#8221; hide_on_desktop=&#8221;&#8221; hide_on_notebook=&#8221;&#8221; hide_on_tablet=&#8221;&#8221; hide_on_mobile=&#8221;&#8221;]<\/div><\/div><!-- \/.sc_content -->[\/vc_column][vc_column width=&#8221;1\/2&#8243; hide_bg_image_on_tablet=&#8221;&#8221; hide_bg_image_on_mobile=&#8221;&#8221; icons_position=&#8221;left&#8221; css=&#8221;.vc_custom_1543846536357{background-color: #9aaf8f !important;}&#8221;]<div id=\"sc_content_1675360128\"\n\t\tclass=\"sc_content sc_content_default sc_float_center sc_align_left sc_padding_medium\"><div class=\"sc_content_container\">[vc_empty_space height=&#8221;3em&#8221; alter_height=&#8221;none&#8221; hide_on_desktop=&#8221;&#8221; hide_on_notebook=&#8221;&#8221; hide_on_tablet=&#8221;&#8221; hide_on_mobile=&#8221;&#8221;][vc_column_text]<\/p>\n<h3>Kontaktieren Sie mich<\/h3>\n<p><span class=\"LrzXr\">Michael-Eifinger-Stra\u00dfe 29<\/span><br \/>\n<span class=\"w8qArf\">Telefon: <\/span><span class=\"LrzXr zdqRlf kno-fv\">06136 953403<\/span><br \/>\nEmail: info@mediwell-kosmetik.de[\/vc_column_text][vc_empty_space height=&#8221;3em&#8221; alter_height=&#8221;none&#8221; hide_on_desktop=&#8221;&#8221; hide_on_notebook=&#8221;&#8221; hide_on_tablet=&#8221;&#8221; hide_on_mobile=&#8221;&#8221;]<\/div><\/div><!-- \/.sc_content -->[\/vc_column][\/vc_row]<\/p>\n<\/section>","protected":false},"excerpt":{"rendered":"<p>[vc_row equal_height=&#8221;yes&#8221;][vc_column icons_position=&#8221;left&#8221;][vc_empty_space height=&#8221;7.143em&#8221; alter_height=&#8221;none&#8221; hide_on_desktop=&#8221;&#8221; hide_on_notebook=&#8221;&#8221; hide_on_tablet=&#8221;&#8221; hide_on_mobile=&#8221;1&#8243;][vc_empty_space height=&#8221;5em&#8221; alter_height=&#8221;none&#8221; hide_on_desktop=&#8221;1&#8243; hide_on_notebook=&#8221;1&#8243; hide_on_tablet=&#8221;1&#8243; hide_on_mobile=&#8221;&#8221;][\/vc_column][vc_column width=&#8221;7\/12&#8243; hide_bg_image_on_tablet=&#8221;&#8221; hide_bg_image_on_mobile=&#8221;&#8221; icons_position=&#8221;left&#8221; css=&#8221;.vc_custom_1541512031365{background-color: #f2eeec !important;}&#8221;][\/vc_column][vc_column width=&#8221;5\/12&#8243; hide_bg_image_on_tablet=&#8221;&#8221; hide_bg_image_on_mobile=&#8221;&#8221; icons_position=&#8221;left&#8221; css=&#8221;.vc_custom_1741100950544{background-image: url(http:\/\/mediwell-kosmetik.de\/wp-content\/uploads\/2025\/03\/BY7A1221-scaled.jpg?id=2127) !important;background-position: center !important;background-repeat: no-repeat !important;background-size: cover !important;}&#8221;][vc_empty_space height=&#8221;20em&#8221; alter_height=&#8221;none&#8221; hide_on_desktop=&#8221;1&#8243; hide_on_notebook=&#8221;1&#8243; hide_on_tablet=&#8221;1&#8243; hide_on_mobile=&#8221;&#8221;][\/vc_column][vc_column icons_position=&#8221;left&#8221; offset=&#8221;vc_hidden-lg vc_hidden-md vc_hidden-sm vc_col-xs-12&#8243;][vc_empty_space height=&#8221;5em&#8221; alter_height=&#8221;none&#8221; hide_on_desktop=&#8221;1&#8243; hide_on_notebook=&#8221;1&#8243; hide_on_tablet=&#8221;1&#8243; hide_on_mobile=&#8221;&#8221;][\/vc_column][\/vc_row][vc_row equal_height=&#8221;yes&#8221;][vc_column width=&#8221;7\/12&#8243; hide_bg_image_on_tablet=&#8221;&#8221; hide_bg_image_on_mobile=&#8221;&#8221; icons_position=&#8221;left&#8221; css=&#8221;.vc_custom_1553359572812{background-image: url(http:\/\/mediwell-kosmetik.de\/wp-content\/uploads\/2019\/03\/Reviderm_Skinneedler_Banner_850x2000_RZ.jpg?id=1910) !important;background-position:&hellip;<\/p>\n","protected":false},"author":1,"featured_media":0,"parent":0,"menu_order":0,"comment_status":"closed","ping_status":"closed","template":"","meta":{"footnotes":""},"class_list":["post-1835","page","type-page","status-publish","hentry"],"_links":{"self":[{"href":"https:\/\/mediwell-kosmetik.de\/index.php?rest_route=\/wp\/v2\/pages\/1835","targetHints":{"allow":["GET"]}}],"collection":[{"href":"https:\/\/mediwell-kosmetik.de\/index.php?rest_route=\/wp\/v2\/pages"}],"about":[{"href":"https:\/\/mediwell-kosmetik.de\/index.php?rest_route=\/wp\/v2\/types\/page"}],"author":[{"embeddable":true,"href":"https:\/\/mediwell-kosmetik.de\/index.php?rest_route=\/wp\/v2\/users\/1"}],"replies":[{"embeddable":true,"href":"https:\/\/mediwell-kosmetik.de\/index.php?rest_route=%2Fwp%2Fv2%2Fcomments&post=1835"}],"version-history":[{"count":8,"href":"https:\/\/mediwell-kosmetik.de\/index.php?rest_route=\/wp\/v2\/pages\/1835\/revisions"}],"predecessor-version":[{"id":2128,"href":"https:\/\/mediwell-kosmetik.de\/index.php?rest_route=\/wp\/v2\/pages\/1835\/revisions\/2128"}],"wp:attachment":[{"href":"https:\/\/mediwell-kosmetik.de\/index.php?rest_route=%2Fwp%2Fv2%2Fmedia&parent=1835"}],"curies":[{"name":"wp","href":"https:\/\/api.w.org\/{rel}","templated":true}]}}